{"id":6875,"date":"2021-07-03T19:24:27","date_gmt":"2021-07-03T23:24:27","guid":{"rendered":"https:\/\/soniaisabelle.ca\/?page_id=6875"},"modified":"2026-01-27T10:45:54","modified_gmt":"2026-01-27T15:45:54","slug":"a-propos-2","status":"publish","type":"page","link":"https:\/\/soniaisabelle.ca\/en\/a-propos-2\/","title":{"rendered":"About"},"content":{"rendered":"<h2 class=\"wp-block-heading has-text-align-center has-medium-teal-color has-text-color has-link-color has-raleway-font-family has-custom-font wp-elements-6373482633a184bb5c2fa773c02969a6\" style=\"font-family:raleway\">About<\/h2>\n\n\n\n<div class=\"wp-block-columns alignwide has-white-background-color has-background is-layout-flex wp-container-core-columns-is-layout-f5d41f1c wp-block-columns-is-layout-flex\">\n<div class=\"wp-block-column is-layout-flow wp-block-column-is-layout-flow\" style=\"flex-basis:44%\">\n<div class=\"wp-block-cover alignright has-custom-content-position is-position-bottom-left\" style=\"border-top-left-radius:300px;border-top-right-radius:300px;min-height:421px;aspect-ratio:unset;\"><img loading=\"lazy\" decoding=\"async\" width=\"1722\" height=\"2000\" data-attachment-id=\"37011\" data-permalink=\"https:\/\/soniaisabelle.ca\/en\/crop-0-0-1722-2000-0-sonia_isabelle_a_la_table_a_dessin-jpg\/\" data-orig-file=\"https:\/\/soniaisabelle.ca\/wp-content\/uploads\/2026\/01\/crop-0-0-1722-2000-0-Sonia_Isabelle_a_la_table_a_dessin.jpg\" data-orig-size=\"1722,2000\" data-comments-opened=\"1\" data-image-meta=\"{&quot;aperture&quot;:&quot;0&quot;,&quot;credit&quot;:&quot;&quot;,&quot;camera&quot;:&quot;&quot;,&quot;caption&quot;:&quot;&quot;,&quot;created_timestamp&quot;:&quot;0&quot;,&quot;copyright&quot;:&quot;&quot;,&quot;focal_length&quot;:&quot;0&quot;,&quot;iso&quot;:&quot;0&quot;,&quot;shutter_speed&quot;:&quot;0&quot;,&quot;title&quot;:&quot;&quot;,&quot;orientation&quot;:&quot;0&quot;}\" data-image-title=\"crop-0-0-1722-2000-0-Sonia_Isabelle_a_la_table_a_dessin.jpg\" data-image-description=\"\" data-image-caption=\"\" data-large-file=\"https:\/\/soniaisabelle.ca\/wp-content\/uploads\/2026\/01\/crop-0-0-1722-2000-0-Sonia_Isabelle_a_la_table_a_dessin-882x1024.jpg\" class=\"wp-block-cover__image-background wp-image-37011 size-large\" alt=\"\" src=\"https:\/\/soniaisabelle.ca\/wp-content\/uploads\/2026\/01\/crop-0-0-1722-2000-0-Sonia_Isabelle_a_la_table_a_dessin.jpg\" data-object-fit=\"cover\" srcset=\"https:\/\/soniaisabelle.ca\/wp-content\/uploads\/2026\/01\/crop-0-0-1722-2000-0-Sonia_Isabelle_a_la_table_a_dessin.jpg 1722w, https:\/\/soniaisabelle.ca\/wp-content\/uploads\/2026\/01\/crop-0-0-1722-2000-0-Sonia_Isabelle_a_la_table_a_dessin-258x300.jpg 258w, https:\/\/soniaisabelle.ca\/wp-content\/uploads\/2026\/01\/crop-0-0-1722-2000-0-Sonia_Isabelle_a_la_table_a_dessin-882x1024.jpg 882w, https:\/\/soniaisabelle.ca\/wp-content\/uploads\/2026\/01\/crop-0-0-1722-2000-0-Sonia_Isabelle_a_la_table_a_dessin-129x150.jpg 129w, https:\/\/soniaisabelle.ca\/wp-content\/uploads\/2026\/01\/crop-0-0-1722-2000-0-Sonia_Isabelle_a_la_table_a_dessin-768x892.jpg 768w, https:\/\/soniaisabelle.ca\/wp-content\/uploads\/2026\/01\/crop-0-0-1722-2000-0-Sonia_Isabelle_a_la_table_a_dessin-1322x1536.jpg 1322w, https:\/\/soniaisabelle.ca\/wp-content\/uploads\/2026\/01\/crop-0-0-1722-2000-0-Sonia_Isabelle_a_la_table_a_dessin-10x12.jpg 10w, https:\/\/soniaisabelle.ca\/wp-content\/uploads\/2026\/01\/crop-0-0-1722-2000-0-Sonia_Isabelle_a_la_table_a_dessin-980x1138.jpg 980w\" sizes=\"auto, (max-width: 1722px) 100vw, 1722px\" \/><span aria-hidden=\"true\" class=\"wp-block-cover__background has-dark-gray-background-color has-background-dim\"><\/span><div class=\"wp-block-cover__inner-container is-layout-flow wp-block-cover-is-layout-flow\">\n<p class=\"wp-block-paragraph\"><\/p>\n\n\n\n<p class=\"wp-block-paragraph\"><\/p>\n\n\n\n<p class=\"wp-block-paragraph\"><\/p>\n\n\n\n<p class=\"wp-block-paragraph\"><\/p>\n\n\n\n<p class=\"wp-block-paragraph\"><\/p>\n\n\n\n<p class=\"wp-block-paragraph\"><\/p>\n\n\n\n<p class=\"has-off-white-color has-text-color has-link-color wp-elements-64d757412d09a8ccf251c85c5000e1fc wp-block-paragraph\" style=\"border-top-left-radius:300px;border-top-right-radius:300px;border-bottom-left-radius:0px;border-bottom-right-radius:0px\">Visit my <a href=\"https:\/\/soniaisabelle.ca\/en\/en-atelier\/\">Studio <\/a><\/p>\n<\/div><\/div>\n<\/div>\n\n\n\n<div class=\"wp-block-column is-layout-flow wp-block-column-is-layout-flow\" style=\"flex-basis:40%\">\n<h4 class=\"wp-block-heading has-raleway-font-family has-medium-large-font-size has-custom-font\" style=\"font-family:raleway\">Passion for creation<\/h4>\n\n\n\n<p class=\"wp-block-paragraph\">Over the years, Sonia has explored many techniques and mediums, but it is with graphite pencil that she finds her preferred means of expression.<\/p>\n\n\n\n<p class=\"has-text-align-left wp-block-paragraph\">In her studio, she embarks on a long creative process where her observations take shape through meticulously crafted drawings. Gradually, black unfolds into an infinite array of shades, revealing shapes, textures, and plays of light.<\/p>\n\n\n\n<p class=\"wp-block-paragraph\"><\/p>\n\n\n\n<h4 class=\"wp-block-heading has-raleway-font-family has-medium-large-font-size has-custom-font\" style=\"font-family:raleway\">Biography<\/h4>\n\n\n\n<p class=\"wp-block-paragraph\">A resident of Les C\u00e8dres, Quebec, Sonia Isabelle holds a diploma in Visual Arts from C\u00e9gep de Valleyfield and a Bachelor of Fine Arts degree with majors in graphic design and illustration from Concordia University, as well as a specialization in cultural mediation.<\/p>\n\n\n\n<p class=\"wp-block-paragraph\">An award-winning artist, her work is featured in regional, national, and international exhibitions.<\/p>\n\n\n\n<p class=\"wp-block-paragraph\">Her work can be found in various public, corporate and private collections.<\/p>\n\n\n\n<h4 class=\"wp-block-heading has-raleway-font-family has-medium-large-font-size has-custom-font\" style=\"font-family:raleway\">Approach<\/h4>\n\n\n\n<p class=\"wp-block-paragraph\">I'm fascinated by people. My aim is to reproduce, with authenticity, moments of everyday life captured on film. Beyond simple representation, I strive to bring out the emotion emanating from my protagonist.<\/p>\n\n\n\n<p class=\"wp-block-paragraph\">Inspired by the work of twentieth-century street photographers such as Sabine Weiss and Vivian Maier, in my work I seek to deliver a sensitive and honest visual testimony to my times and to the relationship between humans and their environment.<\/p>\n\n\n\n<p class=\"wp-block-paragraph\">With my cell phone, I capture scenes that catch my attention and serve as the basis for my creative process. Inspired by these photos taken spontaneously as I anonymously rub shoulders with my subject in their living environment, I seek to highlight themes that reflect the reality of my time.<\/p>\n\n\n\n<div class=\"wp-block-buttons is-layout-flex wp-block-buttons-is-layout-flex\">\n<div class=\"wp-block-button\"><a class=\"wp-block-button__link wp-element-button\" href=\"https:\/\/staging-dcd6-soniaisabelleartistevisuelle.wpcomstaging.com\/wp-content\/uploads\/2026\/01\/Sonia_Isabelle_CV_oct25.pdf\">download CV<\/a><\/div>\n<\/div>\n<\/div>\n<\/div>\n\n\n\n<div class=\"wp-block-columns alignfull has-medium-teal-background-color has-background is-layout-flex wp-container-core-columns-is-layout-f5d41f1c wp-block-columns-is-layout-flex\">\n<div class=\"wp-block-column is-layout-flow wp-block-column-is-layout-flow\" style=\"flex-basis:44%\">\n<figure class=\"wp-block-image alignright size-large is-resized\"><img loading=\"lazy\" decoding=\"async\" width=\"768\" height=\"1024\" data-attachment-id=\"36831\" data-permalink=\"https:\/\/soniaisabelle.ca\/en\/a-propos-2\/photo-10-2\/\" data-orig-file=\"https:\/\/soniaisabelle.ca\/wp-content\/uploads\/2026\/01\/photo-10.jpg\" data-orig-size=\"1125,1500\" data-comments-opened=\"1\" data-image-meta=\"{&quot;aperture&quot;:&quot;0&quot;,&quot;credit&quot;:&quot;&quot;,&quot;camera&quot;:&quot;&quot;,&quot;caption&quot;:&quot;&quot;,&quot;created_timestamp&quot;:&quot;0&quot;,&quot;copyright&quot;:&quot;&quot;,&quot;focal_length&quot;:&quot;0&quot;,&quot;iso&quot;:&quot;0&quot;,&quot;shutter_speed&quot;:&quot;0&quot;,&quot;title&quot;:&quot;&quot;,&quot;orientation&quot;:&quot;1&quot;}\" data-image-title=\"photo 10\" data-image-description=\"\" data-image-caption=\"\" data-large-file=\"https:\/\/soniaisabelle.ca\/wp-content\/uploads\/2026\/01\/photo-10-768x1024.jpg\" src=\"https:\/\/soniaisabelle.ca\/wp-content\/uploads\/2026\/01\/photo-10-768x1024.jpg\" alt=\"\" class=\"wp-image-36831\" style=\"aspect-ratio:0.7499926582904959;width:338px;height:auto\" srcset=\"https:\/\/soniaisabelle.ca\/wp-content\/uploads\/2026\/01\/photo-10-768x1024.jpg 768w, https:\/\/soniaisabelle.ca\/wp-content\/uploads\/2026\/01\/photo-10-225x300.jpg 225w, https:\/\/soniaisabelle.ca\/wp-content\/uploads\/2026\/01\/photo-10-113x150.jpg 113w, https:\/\/soniaisabelle.ca\/wp-content\/uploads\/2026\/01\/photo-10-9x12.jpg 9w, https:\/\/soniaisabelle.ca\/wp-content\/uploads\/2026\/01\/photo-10-980x1307.jpg 980w, https:\/\/soniaisabelle.ca\/wp-content\/uploads\/2026\/01\/photo-10.jpg 1125w\" sizes=\"auto, (max-width: 768px) 100vw, 768px\" \/><\/figure>\n<\/div>\n\n\n\n<div class=\"wp-block-column is-layout-flow wp-block-column-is-layout-flow\" style=\"flex-basis:45%\">\n<h4 id=\"biographie\" class=\"wp-block-heading has-raleway-font-family has-custom-font\" style=\"font-family:raleway\">Teamwork for success<\/h4>\n\n\n\n<p class=\"wp-block-paragraph\">A career as an artist requires skills in several areas in addition to talent: administration and marketing among others. Another facet of the career that isn't often talked about, despite the fact that it's essential, is the need to be comfortable working with your hands. This is essential, you guessed it, at exhibitions and symposia. For all this, Sonia can rely on Daniel, her husband and almost full-time business partner.<\/p>\n\n\n\n<p class=\"wp-block-paragraph\" id=\"biographie\">Present at all events, don't hesitate to talk to him. He knows the artist's approach inside out and knows all about the techniques she uses to create her detailed drawings.<\/p>\n<\/div>\n<\/div>\n\n\n\n<div style=\"height:30px\" aria-hidden=\"true\" class=\"wp-block-spacer\"><\/div>\n\n\n\n<p class=\"wp-block-paragraph\"><\/p>","protected":false},"excerpt":{"rendered":"<p>\u00c0 propos Passion cr\u00e9ation Au fil des ans, Sonia a explor\u00e9 de nombreuses techniques et m\u00e9diums, mais c\u2019est avec le crayon graphite qu\u2019elle trouve son langage d\u2019expression privil\u00e9gi\u00e9. En atelier, elle s\u2019engage dans un long processus de cr\u00e9ation o\u00f9 ses observations prennent forme \u00e0 travers des dessins minutieusement \u00e9labor\u00e9s. Peu \u00e0 peu, le noir se [&hellip;]<\/p>\n","protected":false},"author":121178102,"featured_media":0,"parent":0,"menu_order":0,"comment_status":"closed","ping_status":"closed","template":"","meta":{"_coblocks_attr":"","_coblocks_dimensions":"","_coblocks_responsive_height":"","_coblocks_accordion_ie_support":"","_crdt_document":"","advanced_seo_description":"","jetpack_seo_html_title":"","jetpack_seo_noindex":false,"footnotes":""},"class_list":["post-6875","page","type-page","status-publish","hentry"],"jetpack_sharing_enabled":true,"_links":{"self":[{"href":"https:\/\/soniaisabelle.ca\/en\/wp-json\/wp\/v2\/pages\/6875","targetHints":{"allow":["GET"]}}],"collection":[{"href":"https:\/\/soniaisabelle.ca\/en\/wp-json\/wp\/v2\/pages"}],"about":[{"href":"https:\/\/soniaisabelle.ca\/en\/wp-json\/wp\/v2\/types\/page"}],"author":[{"embeddable":true,"href":"https:\/\/soniaisabelle.ca\/en\/wp-json\/wp\/v2\/users\/121178102"}],"replies":[{"embeddable":true,"href":"https:\/\/soniaisabelle.ca\/en\/wp-json\/wp\/v2\/comments?post=6875"}],"version-history":[{"count":38,"href":"https:\/\/soniaisabelle.ca\/en\/wp-json\/wp\/v2\/pages\/6875\/revisions"}],"predecessor-version":[{"id":37019,"href":"https:\/\/soniaisabelle.ca\/en\/wp-json\/wp\/v2\/pages\/6875\/revisions\/37019"}],"wp:attachment":[{"href":"https:\/\/soniaisabelle.ca\/en\/wp-json\/wp\/v2\/media?parent=6875"}],"curies":[{"name":"wp","href":"https:\/\/api.w.org\/{rel}","templated":true}]}}