{"id":28295,"date":"2023-04-09T23:11:07","date_gmt":"2023-04-10T03:11:07","guid":{"rendered":"https:\/\/soniaisabelle.ca\/?post_type=product&#038;p=28295"},"modified":"2026-01-27T14:59:17","modified_gmt":"2026-01-27T19:59:17","slug":"par-un-matin-dhiver","status":"publish","type":"product","link":"https:\/\/soniaisabelle.ca\/en\/product\/par-un-matin-dhiver\/","title":{"rendered":"Artwork \u201cOn a winter's morning\""},"content":{"rendered":"<p>\u201cOn a winter's morning\"<\/p>\n<p>Original artwork 5\u201d x 5\"<\/p>\n<p>Technique: Graphite pencil and coffee on Academia 200 g\/m\u00b2 paper, chlorine-free and FSC-certified (from sustainably and legally managed forests).<\/p>\n<p>Finish: Framed work, equipped with a hanging system, ready for wall mounting.<\/p>","protected":false},"excerpt":{"rendered":"<p>Oeuvre r\u00e9alis\u00e9e au crayon graphite et caf\u00e9.<\/p>","protected":false},"featured_media":21550,"comment_status":"open","ping_status":"closed","template":"","meta":{"_coblocks_attr":"","_coblocks_dimensions":"","_coblocks_responsive_height":"","_coblocks_accordion_ie_support":"","_crdt_document":"","advanced_seo_description":"","jetpack_seo_html_title":"","jetpack_seo_noindex":false},"product_brand":[],"product_cat":[586308677],"product_tag":[],"class_list":{"0":"post-28295","1":"product","2":"type-product","3":"status-publish","4":"has-post-thumbnail","6":"product_cat-oeuvre-mediums-mixtes","8":"first","9":"instock","10":"shipping-taxable","11":"purchasable","12":"product-type-simple"},"jetpack_sharing_enabled":true,"_links":{"self":[{"href":"https:\/\/soniaisabelle.ca\/en\/wp-json\/wp\/v2\/product\/28295","targetHints":{"allow":["GET"]}}],"collection":[{"href":"https:\/\/soniaisabelle.ca\/en\/wp-json\/wp\/v2\/product"}],"about":[{"href":"https:\/\/soniaisabelle.ca\/en\/wp-json\/wp\/v2\/types\/product"}],"replies":[{"embeddable":true,"href":"https:\/\/soniaisabelle.ca\/en\/wp-json\/wp\/v2\/comments?post=28295"}],"wp:featuredmedia":[{"embeddable":true,"href":"https:\/\/soniaisabelle.ca\/en\/wp-json\/wp\/v2\/media\/21550"}],"wp:attachment":[{"href":"https:\/\/soniaisabelle.ca\/en\/wp-json\/wp\/v2\/media?parent=28295"}],"wp:term":[{"taxonomy":"product_brand","embeddable":true,"href":"https:\/\/soniaisabelle.ca\/en\/wp-json\/wp\/v2\/product_brand?post=28295"},{"taxonomy":"product_cat","embeddable":true,"href":"https:\/\/soniaisabelle.ca\/en\/wp-json\/wp\/v2\/product_cat?post=28295"},{"taxonomy":"product_tag","embeddable":true,"href":"https:\/\/soniaisabelle.ca\/en\/wp-json\/wp\/v2\/product_tag?post=28295"}],"curies":[{"name":"wp","href":"https:\/\/api.w.org\/{rel}","templated":true}]}}