{"id":33534,"date":"2025-05-22T12:18:49","date_gmt":"2025-05-22T16:18:49","guid":{"rendered":"https:\/\/soniaisabelle.ca\/?post_type=product&#038;p=33534"},"modified":"2026-01-27T14:06:41","modified_gmt":"2026-01-27T19:06:41","slug":"oeuvre-rencontre-fortuite","status":"publish","type":"product","link":"https:\/\/soniaisabelle.ca\/en\/product\/oeuvre-rencontre-fortuite\/","title":{"rendered":"Artwork \"Chance encounter\""},"content":{"rendered":"<p>Original artwork 12\u201d x 12\"<\/p>\n<p>Technique : M\u00e9diums mixtes sur papier Academia 200 g\/m\u00b2, sans chlore et certifi\u00e9 FSC (issu de for\u00eats g\u00e9r\u00e9es durablement et l\u00e9galement).<\/p>\n<p>Finish: Framed work, equipped with a hanging system, ready for wall mounting.<\/p>","protected":false},"excerpt":{"rendered":"<p>Oeuvre r\u00e9alis\u00e9e au crayon graphite et au crayon polychromos<\/p>","protected":false},"featured_media":35170,"comment_status":"open","ping_status":"closed","template":"","meta":{"_coblocks_attr":"","_coblocks_dimensions":"","_coblocks_responsive_height":"","_coblocks_accordion_ie_support":"","_crdt_document":"","advanced_seo_description":"","jetpack_seo_html_title":"","jetpack_seo_noindex":false},"product_brand":[],"product_cat":[586308677],"product_tag":[],"class_list":{"0":"post-33534","1":"product","2":"type-product","3":"status-publish","4":"has-post-thumbnail","6":"product_cat-oeuvre-mediums-mixtes","8":"first","9":"instock","10":"sold-individually","11":"shipping-taxable","12":"purchasable","13":"product-type-simple"},"jetpack_sharing_enabled":true,"_links":{"self":[{"href":"https:\/\/soniaisabelle.ca\/en\/wp-json\/wp\/v2\/product\/33534","targetHints":{"allow":["GET"]}}],"collection":[{"href":"https:\/\/soniaisabelle.ca\/en\/wp-json\/wp\/v2\/product"}],"about":[{"href":"https:\/\/soniaisabelle.ca\/en\/wp-json\/wp\/v2\/types\/product"}],"replies":[{"embeddable":true,"href":"https:\/\/soniaisabelle.ca\/en\/wp-json\/wp\/v2\/comments?post=33534"}],"wp:featuredmedia":[{"embeddable":true,"href":"https:\/\/soniaisabelle.ca\/en\/wp-json\/wp\/v2\/media\/35170"}],"wp:attachment":[{"href":"https:\/\/soniaisabelle.ca\/en\/wp-json\/wp\/v2\/media?parent=33534"}],"wp:term":[{"taxonomy":"product_brand","embeddable":true,"href":"https:\/\/soniaisabelle.ca\/en\/wp-json\/wp\/v2\/product_brand?post=33534"},{"taxonomy":"product_cat","embeddable":true,"href":"https:\/\/soniaisabelle.ca\/en\/wp-json\/wp\/v2\/product_cat?post=33534"},{"taxonomy":"product_tag","embeddable":true,"href":"https:\/\/soniaisabelle.ca\/en\/wp-json\/wp\/v2\/product_tag?post=33534"}],"curies":[{"name":"wp","href":"https:\/\/api.w.org\/{rel}","templated":true}]}}